{"id":87,"date":"2024-10-30T23:10:10","date_gmt":"2024-10-30T22:10:10","guid":{"rendered":"https:\/\/jegenyehusker.hu\/?page_id=87"},"modified":"2025-01-13T15:36:53","modified_gmt":"2025-01-13T14:36:53","slug":"termekeink","status":"publish","type":"page","link":"https:\/\/jegenyehusker.hu\/?page_id=87","title":{"rendered":"Term\u00e9keink"},"content":{"rendered":"<p>[et_pb_section fb_built=&#8221;1&#8243; _builder_version=&#8221;4.27.4&#8243; _module_preset=&#8221;default&#8221; background_image=&#8221;https:\/\/jegenyehusker.hu\/wp-content\/uploads\/2024\/12\/Frame-503-4.png&#8221; background_size=&#8221;initial&#8221; width=&#8221;100%&#8221; max_width=&#8221;100%&#8221; global_colors_info=&#8221;{}&#8221;][et_pb_row _builder_version=&#8221;4.27.4&#8243; _module_preset=&#8221;default&#8221; global_colors_info=&#8221;{}&#8221;][et_pb_column type=&#8221;4_4&#8243; _builder_version=&#8221;4.27.3&#8243; _module_preset=&#8221;default&#8221; global_colors_info=&#8221;{}&#8221;][et_pb_image src=&#8221;https:\/\/jegenyehusker.hu\/wp-content\/uploads\/2024\/12\/Group-27.png&#8221; title_text=&#8221;Term\u00e9kek&#8221; align=&#8221;center&#8221; _builder_version=&#8221;4.27.4&#8243; _module_preset=&#8221;default&#8221; global_colors_info=&#8221;{}&#8221;][\/et_pb_image][\/et_pb_column][\/et_pb_row][et_pb_row _builder_version=&#8221;4.27.3&#8243; _module_preset=&#8221;default&#8221; global_colors_info=&#8221;{}&#8221;][et_pb_column type=&#8221;4_4&#8243; _builder_version=&#8221;4.27.3&#8243; _module_preset=&#8221;default&#8221; global_colors_info=&#8221;{}&#8221;][et_pb_text _builder_version=&#8221;4.27.4&#8243; _module_preset=&#8221;default&#8221; text_font=&#8221;Montserrat|600|||||||&#8221; text_text_color=&#8221;#000000&#8243; text_font_size=&#8221;16px&#8221; text_orientation=&#8221;center&#8221; custom_margin=&#8221;25px||||false|false&#8221; global_colors_info=&#8221;{}&#8221;]<\/p>\n<p style=\"text-align: center;\">\u201ePr\u00e9mium min\u0151s\u00e9g, friss h\u00fasok, h\u00e1zias jelleg\u0171,<br \/>helyben gy\u00e1rtott k\u00e9zm\u0171ves term\u00e9kek, a vid\u00e9k \u00edz\u00e9vel f\u0171szerezve.\u201d<\/p>\n<p>[\/et_pb_text][\/et_pb_column][\/et_pb_row][et_pb_row _builder_version=&#8221;4.27.3&#8243; _module_preset=&#8221;default&#8221; global_colors_info=&#8221;{}&#8221;][et_pb_column type=&#8221;4_4&#8243; _builder_version=&#8221;4.27.3&#8243; _module_preset=&#8221;default&#8221; global_colors_info=&#8221;{}&#8221;][et_pb_text _builder_version=&#8221;4.27.4&#8243; _module_preset=&#8221;default&#8221; text_font=&#8221;Montserrat|600|||||||&#8221; text_text_color=&#8221;#000000&#8243; text_font_size=&#8221;16px&#8221; text_orientation=&#8221;center&#8221; global_colors_info=&#8221;{}&#8221;]<\/p>\n<p>\u00dczlet\u00fcnkben kiz\u00e1r\u00f3lag helyben gy\u00e1rtott h\u00fask\u00e9sz\u00edtm\u00e9nyeket \u00e9rt\u00e9kes\u00edt\u00fcnk, melyek a<br \/>gy\u00e1rt\u00e1stechnol\u00f3giai szempontokat figyelembe v\u00e9ve, allerg\u00e9nanyag, sz\u00ednez\u00e9k, adal\u00e9kanyag, \u00edzfokoz\u00f3<br \/>\u00e9s tart\u00f3s\u00edt\u00f3szer mentesek.<\/p>\n<p>[\/et_pb_text][\/et_pb_column][\/et_pb_row][et_pb_row _builder_version=&#8221;4.27.3&#8243; _module_preset=&#8221;default&#8221; global_colors_info=&#8221;{}&#8221;][et_pb_column type=&#8221;4_4&#8243; _builder_version=&#8221;4.27.3&#8243; _module_preset=&#8221;default&#8221; global_colors_info=&#8221;{}&#8221;][et_pb_heading title=&#8221;T\u0150KEH\u00daSOK&#8221; _builder_version=&#8221;4.27.4&#8243; _module_preset=&#8221;default&#8221; title_font=&#8221;Montserrat|700|||||||&#8221; title_text_align=&#8221;center&#8221; title_text_color=&#8221;#000000&#8243; custom_margin=&#8221;15px||||false|false&#8221; hover_enabled=&#8221;0&#8243; global_colors_info=&#8221;{}&#8221; sticky_enabled=&#8221;0&#8243;][\/et_pb_heading][et_pb_text _builder_version=&#8221;4.27.4&#8243; _module_preset=&#8221;default&#8221; text_font=&#8221;Montserrat|600|||||||&#8221; text_text_color=&#8221;#000000&#8243; text_font_size=&#8221;16px&#8221; text_orientation=&#8221;center&#8221; custom_margin=&#8221;-25px||||false|false&#8221; hover_enabled=&#8221;0&#8243; global_colors_info=&#8221;{}&#8221; sticky_enabled=&#8221;0&#8243;]<\/p>\n<p>SERT\u00c9S <span style=\"color: #ff0000;\">\/<\/span> MARHA<\/p>\n<p>[\/et_pb_text][\/et_pb_column][\/et_pb_row][et_pb_row _builder_version=&#8221;4.27.3&#8243; _module_preset=&#8221;default&#8221; global_colors_info=&#8221;{}&#8221;][et_pb_column type=&#8221;4_4&#8243; _builder_version=&#8221;4.27.3&#8243; _module_preset=&#8221;default&#8221; global_colors_info=&#8221;{}&#8221;][et_pb_text _builder_version=&#8221;4.27.4&#8243; _module_preset=&#8221;default&#8221; text_font=&#8221;Montserrat|600|||||||&#8221; text_text_color=&#8221;#000000&#8243; text_font_size=&#8221;16px&#8221; text_orientation=&#8221;center&#8221; custom_margin=&#8221;-15px||||false|false&#8221; hover_enabled=&#8221;0&#8243; global_colors_info=&#8221;{}&#8221; sticky_enabled=&#8221;0&#8243;]<\/p>\n<p>Kiz\u00e1r\u00f3lag magyar, els\u0151sorban k\u00f6rny\u00e9kbeli gazd\u00e1kt\u00f3l sz\u00e1rmaz\u00f3 h\u00fasok, tov\u00e1bb\u00e1 v\u00e1kumban \u00e9rlelt \u00e9s friss steak<br \/>h\u00fasok is el\u00e9rhet\u0151ek.<\/p>\n<p>[\/et_pb_text][et_pb_heading title=&#8221;BAROMFI&#8221; _builder_version=&#8221;4.27.4&#8243; _module_preset=&#8221;default&#8221; title_font=&#8221;Montserrat|700|||||||&#8221; title_text_align=&#8221;center&#8221; title_text_color=&#8221;#000000&#8243; hover_enabled=&#8221;0&#8243; global_colors_info=&#8221;{}&#8221; title__hover_enabled=&#8221;off|desktop&#8221; title_font_size=&#8221;22px&#8221; sticky_enabled=&#8221;0&#8243;][\/et_pb_heading][et_pb_text _builder_version=&#8221;4.27.4&#8243; _module_preset=&#8221;default&#8221; text_font=&#8221;Montserrat|600|||||||&#8221; text_text_color=&#8221;#000000&#8243; text_font_size=&#8221;15px&#8221; custom_margin=&#8221;-25px||||false|false&#8221; hover_enabled=&#8221;0&#8243; global_colors_info=&#8221;{}&#8221; sticky_enabled=&#8221;0&#8243;]<\/p>\n<p style=\"text-align: center;\">Tanyasi, pr\u00e9mium min\u0151s\u00e9g\u0171 friss baromfi\u00e1ru.<\/p>\n<p>[\/et_pb_text][\/et_pb_column][\/et_pb_row][et_pb_row _builder_version=&#8221;4.27.3&#8243; _module_preset=&#8221;default&#8221; global_colors_info=&#8221;{}&#8221;][et_pb_column type=&#8221;4_4&#8243; _builder_version=&#8221;4.27.3&#8243; _module_preset=&#8221;default&#8221; global_colors_info=&#8221;{}&#8221;][et_pb_heading title=&#8221;FELV\u00c1GOTTAK, H\u00daSK\u00c9SZ\u00cdTM\u00c9NYEK&#8221; _builder_version=&#8221;4.27.4&#8243; _module_preset=&#8221;default&#8221; title_font=&#8221;Montserrat|700|||||||&#8221; title_text_align=&#8221;center&#8221; title_text_color=&#8221;#000000&#8243; custom_margin=&#8221;5px||||false|false&#8221; hover_enabled=&#8221;0&#8243; global_colors_info=&#8221;{}&#8221; sticky_enabled=&#8221;0&#8243;][\/et_pb_heading][et_pb_text _builder_version=&#8221;4.27.4&#8243; _module_preset=&#8221;default&#8221; text_font=&#8221;Montserrat|600|||||||&#8221; text_text_color=&#8221;#000000&#8243; text_font_size=&#8221;15px&#8221; global_colors_info=&#8221;{}&#8221;]<\/p>\n<p style=\"text-align: center;\">SERT\u00c9S P\u00c1RIZSI &#8211; SIMA, SAJTOS, Z\u00d6LDS\u00c9GES, PRITAMINOS, CHILIS \u00cdZBEN <span style=\"color: #ff0000;\">\/<\/span> L\u00d6NCSH\u00daS <span style=\"color: #ff0000;\">\/<\/span><br \/>SZENDVICSSONK\u00c1K <span style=\"color: #ff0000;\">\/<\/span> KEN\u0150M\u00c1JAS <span style=\"color: #ff0000;\">\/<\/span> B\u00c1CSKAI M\u00c1JAS <span style=\"color: #ff0000;\">\/<\/span>DISZN\u00d3SAJT <span style=\"color: #ff0000;\">\/<\/span> F\u0150TT-F\u00dcST\u00d6LT FELV\u00c1GOTTAK <span style=\"color: #ff0000;\">\/<\/span><br \/>F\u0150TT FEJ \u00c9S TOKASZALONNA <span style=\"color: #ff0000;\">\/<\/span> RAKOTT H\u00daS <span style=\"color: #ff0000;\">\/<\/span> SERT\u00c9S JUHBELES ROPPAN\u00d3S VIRSLI <span style=\"color: #ff0000;\">\/<\/span> KRINOLIN <span style=\"color: #ff0000;\">\/<\/span><br \/>DEBRECENI P\u00c1ROS KOLB\u00c1SZ <span style=\"color: #ff0000;\">\/<\/span> LECS\u00d3KOLB\u00c1SZ <span style=\"color: #ff0000;\">\/<\/span> GRILL KOLB\u00c1SZ &#8211; CSEMEGE, CS\u00cdP\u0150S, SAJTOS,<br \/>FOKHAGYM\u00c1S, BAJOR, SNIDLINGES \u00cdZBEN <span style=\"color: #ff0000;\">\/<\/span> HURKA <span style=\"color: #ff0000;\">\/<\/span> S\u00dcT\u0150KOLB\u00c1SZ <span style=\"color: #ff0000;\">\/<\/span> HAMBURGER POG\u00c1CSA <span style=\"color: #ff0000;\">\/<\/span><br \/>TEPERT\u0150 <span style=\"color: #ff0000;\">\/<\/span> SERT\u00c9S ZS\u00cdR<\/p>\n<p>[\/et_pb_text][et_pb_heading title=&#8221;F\u00dcST\u00d6LT TERM\u00c9KEK&#8221; _builder_version=&#8221;4.27.3&#8243; _module_preset=&#8221;default&#8221; title_font=&#8221;Montserrat|700|||||||&#8221; title_text_align=&#8221;center&#8221; title_text_color=&#8221;#000000&#8243; custom_margin=&#8221;||||false|false&#8221; custom_padding=&#8221;15px||||false|false&#8221; global_colors_info=&#8221;{}&#8221;][\/et_pb_heading][et_pb_text _builder_version=&#8221;4.27.3&#8243; _module_preset=&#8221;default&#8221; text_font=&#8221;Montserrat|600|||||||&#8221; text_text_color=&#8221;#000000&#8243; text_font_size=&#8221;15px&#8221; text_orientation=&#8221;center&#8221; global_colors_info=&#8221;{}&#8221;]<\/p>\n<p>F\u00dcST\u00d6LT KOLB\u00c1SZ <span style=\"color: #ff0000;\">\/<\/span> CSERK\u00c9SZ KOLB\u00c1SZ <span style=\"color: #ff0000;\">\/<\/span> F\u00dcST\u00d6LT SONKA <span style=\"color: #ff0000;\">\/<\/span> PARASZTSONKA <span style=\"color: #ff0000;\">\/<\/span> F\u00dcST\u00d6LT<br \/>ANGOLSZALONNA <span style=\"color: #ff0000;\">\/<\/span> F\u00dcST\u00d6LT CS\u00dcL\u00d6K <span style=\"color: #ff0000;\">\/<\/span> F\u00dcST\u00d6LT KOLOZSV\u00c1RI SZALONNA<span style=\"color: #ff0000;\"> \/<\/span> F\u00dcST\u00d6LT SZALONNA <span style=\"color: #ff0000;\">\/<\/span><br \/>F\u00dcST\u00d6LT TARJA <span style=\"color: #ff0000;\">\/<\/span> F\u00dcST\u00d6LT OLDALAS <span style=\"color: #ff0000;\">\/<\/span> SERT\u00c9S PAPRIK\u00c1S SZAL\u00c1MI <span style=\"color: #ff0000;\">\/<\/span> MARHA PAPRIK\u00c1S SZAL\u00c1MI <span style=\"color: #ff0000;\">\/<\/span><br \/>F\u0170SZERES SZAL\u00c1MI <span style=\"color: #ff0000;\">\/<\/span> TURISTA SZAL\u00c1MI <span style=\"color: #ff0000;\">\/<\/span> P\u00c1RMAI TURISTA<span style=\"color: #ff0000;\">\/<\/span> CSEMEGE, BOR\u00d3K\u00c1S SZAL\u00c1MI <span style=\"color: #ff0000;\">\/<\/span><br \/>MANGALICA SZAL\u00c1MI<span style=\"color: #ff0000;\">\/<\/span> CSORIZ\u00d3S SZAL\u00c1MI <span style=\"color: #ff0000;\">\/<\/span> MANGALICA SONKA <span style=\"color: #ff0000;\">\/<\/span> MANGALICA SZALONNA <span style=\"color: #ff0000;\">\/<\/span><br \/>MANGALICA KOLOZSV\u00c1RI <span style=\"color: #ff0000;\">\/<\/span> MANGALICA KOLB\u00c1SZ<\/p>\n<p>[\/et_pb_text][\/et_pb_column][\/et_pb_row][et_pb_row _builder_version=&#8221;4.27.3&#8243; _module_preset=&#8221;default&#8221; global_colors_info=&#8221;{}&#8221;][et_pb_column type=&#8221;4_4&#8243; _builder_version=&#8221;4.27.3&#8243; _module_preset=&#8221;default&#8221; global_colors_info=&#8221;{}&#8221;][et_pb_text _builder_version=&#8221;4.27.4&#8243; _module_preset=&#8221;default&#8221; text_font=&#8221;Montserrat|600|||||||&#8221; text_text_color=&#8221;#000000&#8243; text_font_size=&#8221;16px&#8221; link_font=&#8221;Montserrat|600|||||||&#8221; link_text_color=&#8221;#E02B20&#8243; text_orientation=&#8221;center&#8221; global_colors_info=&#8221;{}&#8221;]<\/p>\n<p>A t\u00e1j\u00e9koztat\u00e1s nem teljes k\u00f6r\u0171, tov\u00e1bbi inform\u00e1ci\u00f3k\u00e9rt \u00e9rdekl\u0151dj\u00f6n <a href=\"https:\/\/jegenyehusker.hu\/?page_id=93\">el\u00e9rhet\u0151s\u00e9geinken<\/a>.<\/p>\n<p>[\/et_pb_text][\/et_pb_column][\/et_pb_row][\/et_pb_section]<\/p>\n","protected":false},"excerpt":{"rendered":"<p>\u201ePr\u00e9mium min\u0151s\u00e9g, friss h\u00fasok, h\u00e1zias jelleg\u0171,helyben gy\u00e1rtott k\u00e9zm\u0171ves term\u00e9kek, a vid\u00e9k \u00edz\u00e9vel f\u0171szerezve.\u201d\u00dczlet\u00fcnkben kiz\u00e1r\u00f3lag helyben gy\u00e1rtott h\u00fask\u00e9sz\u00edtm\u00e9nyeket \u00e9rt\u00e9kes\u00edt\u00fcnk, melyek agy\u00e1rt\u00e1stechnol\u00f3giai szempontokat figyelembe v\u00e9ve, allerg\u00e9nanyag, sz\u00ednez\u00e9k, adal\u00e9kanyag, \u00edzfokoz\u00f3\u00e9s tart\u00f3s\u00edt\u00f3szer mentesek.SERT\u00c9S \/ MARHAKiz\u00e1r\u00f3lag magyar, els\u0151sorban k\u00f6rny\u00e9kbeli gazd\u00e1kt\u00f3l sz\u00e1rmaz\u00f3 h\u00fasok, tov\u00e1bb\u00e1 v\u00e1kumban \u00e9rlelt \u00e9s friss steakh\u00fasok is el\u00e9rhet\u0151ek.Tanyasi, pr\u00e9mium min\u0151s\u00e9g\u0171 friss baromfi\u00e1ru.SERT\u00c9S P\u00c1RIZSI &#8211; SIMA, SAJTOS, Z\u00d6LDS\u00c9GES, PRITAMINOS, [&hellip;]<\/p>\n","protected":false},"author":1,"featured_media":0,"parent":0,"menu_order":0,"comment_status":"closed","ping_status":"closed","template":"","meta":{"_et_pb_use_builder":"on","_et_pb_old_content":"<!-- wp:divi\/placeholder \/-->","_et_gb_content_width":"","footnotes":""},"class_list":["post-87","page","type-page","status-publish","hentry"],"yoast_head":"<!-- This site is optimized with the Yoast SEO plugin v26.5 - https:\/\/yoast.com\/wordpress\/plugins\/seo\/ -->\n<title>Term\u00e9keink - jegenyehusker.hu<\/title>\n<meta name=\"robots\" content=\"index, follow, max-snippet:-1, max-image-preview:large, max-video-preview:-1\" \/>\n<link rel=\"canonical\" href=\"https:\/\/jegenyehusker.hu\/?page_id=87\" \/>\n<meta property=\"og:locale\" content=\"hu_HU\" \/>\n<meta property=\"og:type\" content=\"article\" \/>\n<meta property=\"og:title\" content=\"Term\u00e9keink - jegenyehusker.hu\" \/>\n<meta property=\"og:description\" content=\"\u201ePr\u00e9mium min\u0151s\u00e9g, friss h\u00fasok, h\u00e1zias jelleg\u0171,helyben gy\u00e1rtott k\u00e9zm\u0171ves term\u00e9kek, a vid\u00e9k \u00edz\u00e9vel f\u0171szerezve.\u201d\u00dczlet\u00fcnkben kiz\u00e1r\u00f3lag helyben gy\u00e1rtott h\u00fask\u00e9sz\u00edtm\u00e9nyeket \u00e9rt\u00e9kes\u00edt\u00fcnk, melyek agy\u00e1rt\u00e1stechnol\u00f3giai szempontokat figyelembe v\u00e9ve, allerg\u00e9nanyag, sz\u00ednez\u00e9k, adal\u00e9kanyag, \u00edzfokoz\u00f3\u00e9s tart\u00f3s\u00edt\u00f3szer mentesek.SERT\u00c9S \/ MARHAKiz\u00e1r\u00f3lag magyar, els\u0151sorban k\u00f6rny\u00e9kbeli gazd\u00e1kt\u00f3l sz\u00e1rmaz\u00f3 h\u00fasok, tov\u00e1bb\u00e1 v\u00e1kumban \u00e9rlelt \u00e9s friss steakh\u00fasok is el\u00e9rhet\u0151ek.Tanyasi, pr\u00e9mium min\u0151s\u00e9g\u0171 friss baromfi\u00e1ru.SERT\u00c9S P\u00c1RIZSI - SIMA, SAJTOS, Z\u00d6LDS\u00c9GES, PRITAMINOS, [&hellip;]\" \/>\n<meta property=\"og:url\" content=\"https:\/\/jegenyehusker.hu\/?page_id=87\" \/>\n<meta property=\"og:site_name\" content=\"jegenyehusker.hu\" \/>\n<meta property=\"article:modified_time\" content=\"2025-01-13T14:36:53+00:00\" \/>\n<meta name=\"twitter:card\" content=\"summary_large_image\" \/>\n<script type=\"application\/ld+json\" class=\"yoast-schema-graph\">{\"@context\":\"https:\/\/schema.org\",\"@graph\":[{\"@type\":\"WebPage\",\"@id\":\"https:\/\/jegenyehusker.hu\/?page_id=87\",\"url\":\"https:\/\/jegenyehusker.hu\/?page_id=87\",\"name\":\"Term\u00e9keink - jegenyehusker.hu\",\"isPartOf\":{\"@id\":\"https:\/\/jegenyehusker.hu\/#website\"},\"datePublished\":\"2024-10-30T22:10:10+00:00\",\"dateModified\":\"2025-01-13T14:36:53+00:00\",\"breadcrumb\":{\"@id\":\"https:\/\/jegenyehusker.hu\/?page_id=87#breadcrumb\"},\"inLanguage\":\"hu\",\"potentialAction\":[{\"@type\":\"ReadAction\",\"target\":[\"https:\/\/jegenyehusker.hu\/?page_id=87\"]}]},{\"@type\":\"BreadcrumbList\",\"@id\":\"https:\/\/jegenyehusker.hu\/?page_id=87#breadcrumb\",\"itemListElement\":[{\"@type\":\"ListItem\",\"position\":1,\"name\":\"Kezd\u0151lap\",\"item\":\"https:\/\/jegenyehusker.hu\/\"},{\"@type\":\"ListItem\",\"position\":2,\"name\":\"Term\u00e9keink\"}]},{\"@type\":\"WebSite\",\"@id\":\"https:\/\/jegenyehusker.hu\/#website\",\"url\":\"https:\/\/jegenyehusker.hu\/\",\"name\":\"jegenyehusker.hu\",\"description\":\"\",\"potentialAction\":[{\"@type\":\"SearchAction\",\"target\":{\"@type\":\"EntryPoint\",\"urlTemplate\":\"https:\/\/jegenyehusker.hu\/?s={search_term_string}\"},\"query-input\":{\"@type\":\"PropertyValueSpecification\",\"valueRequired\":true,\"valueName\":\"search_term_string\"}}],\"inLanguage\":\"hu\"}]}<\/script>\n<!-- \/ Yoast SEO plugin. -->","yoast_head_json":{"title":"Term\u00e9keink - jegenyehusker.hu","robots":{"index":"index","follow":"follow","max-snippet":"max-snippet:-1","max-image-preview":"max-image-preview:large","max-video-preview":"max-video-preview:-1"},"canonical":"https:\/\/jegenyehusker.hu\/?page_id=87","og_locale":"hu_HU","og_type":"article","og_title":"Term\u00e9keink - jegenyehusker.hu","og_description":"\u201ePr\u00e9mium min\u0151s\u00e9g, friss h\u00fasok, h\u00e1zias jelleg\u0171,helyben gy\u00e1rtott k\u00e9zm\u0171ves term\u00e9kek, a vid\u00e9k \u00edz\u00e9vel f\u0171szerezve.\u201d\u00dczlet\u00fcnkben kiz\u00e1r\u00f3lag helyben gy\u00e1rtott h\u00fask\u00e9sz\u00edtm\u00e9nyeket \u00e9rt\u00e9kes\u00edt\u00fcnk, melyek agy\u00e1rt\u00e1stechnol\u00f3giai szempontokat figyelembe v\u00e9ve, allerg\u00e9nanyag, sz\u00ednez\u00e9k, adal\u00e9kanyag, \u00edzfokoz\u00f3\u00e9s tart\u00f3s\u00edt\u00f3szer mentesek.SERT\u00c9S \/ MARHAKiz\u00e1r\u00f3lag magyar, els\u0151sorban k\u00f6rny\u00e9kbeli gazd\u00e1kt\u00f3l sz\u00e1rmaz\u00f3 h\u00fasok, tov\u00e1bb\u00e1 v\u00e1kumban \u00e9rlelt \u00e9s friss steakh\u00fasok is el\u00e9rhet\u0151ek.Tanyasi, pr\u00e9mium min\u0151s\u00e9g\u0171 friss baromfi\u00e1ru.SERT\u00c9S P\u00c1RIZSI - SIMA, SAJTOS, Z\u00d6LDS\u00c9GES, PRITAMINOS, [&hellip;]","og_url":"https:\/\/jegenyehusker.hu\/?page_id=87","og_site_name":"jegenyehusker.hu","article_modified_time":"2025-01-13T14:36:53+00:00","twitter_card":"summary_large_image","schema":{"@context":"https:\/\/schema.org","@graph":[{"@type":"WebPage","@id":"https:\/\/jegenyehusker.hu\/?page_id=87","url":"https:\/\/jegenyehusker.hu\/?page_id=87","name":"Term\u00e9keink - jegenyehusker.hu","isPartOf":{"@id":"https:\/\/jegenyehusker.hu\/#website"},"datePublished":"2024-10-30T22:10:10+00:00","dateModified":"2025-01-13T14:36:53+00:00","breadcrumb":{"@id":"https:\/\/jegenyehusker.hu\/?page_id=87#breadcrumb"},"inLanguage":"hu","potentialAction":[{"@type":"ReadAction","target":["https:\/\/jegenyehusker.hu\/?page_id=87"]}]},{"@type":"BreadcrumbList","@id":"https:\/\/jegenyehusker.hu\/?page_id=87#breadcrumb","itemListElement":[{"@type":"ListItem","position":1,"name":"Kezd\u0151lap","item":"https:\/\/jegenyehusker.hu\/"},{"@type":"ListItem","position":2,"name":"Term\u00e9keink"}]},{"@type":"WebSite","@id":"https:\/\/jegenyehusker.hu\/#website","url":"https:\/\/jegenyehusker.hu\/","name":"jegenyehusker.hu","description":"","potentialAction":[{"@type":"SearchAction","target":{"@type":"EntryPoint","urlTemplate":"https:\/\/jegenyehusker.hu\/?s={search_term_string}"},"query-input":{"@type":"PropertyValueSpecification","valueRequired":true,"valueName":"search_term_string"}}],"inLanguage":"hu"}]}},"_links":{"self":[{"href":"https:\/\/jegenyehusker.hu\/index.php?rest_route=\/wp\/v2\/pages\/87","targetHints":{"allow":["GET"]}}],"collection":[{"href":"https:\/\/jegenyehusker.hu\/index.php?rest_route=\/wp\/v2\/pages"}],"about":[{"href":"https:\/\/jegenyehusker.hu\/index.php?rest_route=\/wp\/v2\/types\/page"}],"author":[{"embeddable":true,"href":"https:\/\/jegenyehusker.hu\/index.php?rest_route=\/wp\/v2\/users\/1"}],"replies":[{"embeddable":true,"href":"https:\/\/jegenyehusker.hu\/index.php?rest_route=%2Fwp%2Fv2%2Fcomments&post=87"}],"version-history":[{"count":19,"href":"https:\/\/jegenyehusker.hu\/index.php?rest_route=\/wp\/v2\/pages\/87\/revisions"}],"predecessor-version":[{"id":657,"href":"https:\/\/jegenyehusker.hu\/index.php?rest_route=\/wp\/v2\/pages\/87\/revisions\/657"}],"wp:attachment":[{"href":"https:\/\/jegenyehusker.hu\/index.php?rest_route=%2Fwp%2Fv2%2Fmedia&parent=87"}],"curies":[{"name":"wp","href":"https:\/\/api.w.org\/{rel}","templated":true}]}}