{"id":89,"date":"2024-10-30T23:10:28","date_gmt":"2024-10-30T22:10:28","guid":{"rendered":"https:\/\/jegenyehusker.hu\/?page_id=89"},"modified":"2025-01-14T10:23:26","modified_gmt":"2025-01-14T09:23:26","slug":"galeria","status":"publish","type":"page","link":"https:\/\/jegenyehusker.hu\/?page_id=89","title":{"rendered":"Gal\u00e9ria"},"content":{"rendered":"<p>[et_pb_section fb_built=&#8221;1&#8243; _builder_version=&#8221;4.27.4&#8243; _module_preset=&#8221;default&#8221; background_image=&#8221;https:\/\/jegenyehusker.hu\/wp-content\/uploads\/2024\/12\/Frame-503-4.png&#8221; min_height=&#8221;3927px&#8221; min_height_tablet=&#8221;1000px&#8221; min_height_phone=&#8221;9736px&#8221; min_height_last_edited=&#8221;on|phone&#8221; height=&#8221;1000px&#8221; max_height=&#8221;1000px&#8221; custom_padding=&#8221;||60px|||&#8221; global_colors_info=&#8221;{}&#8221;][et_pb_row _builder_version=&#8221;4.27.2&#8243; _module_preset=&#8221;default&#8221; global_colors_info=&#8221;{}&#8221;][et_pb_column type=&#8221;4_4&#8243; _builder_version=&#8221;4.27.2&#8243; _module_preset=&#8221;default&#8221; global_colors_info=&#8221;{}&#8221;][et_pb_heading title=&#8221;GAL\u00c9RIA&#8221; _builder_version=&#8221;4.27.4&#8243; _module_preset=&#8221;default&#8221; title_font=&#8221;Montserrat|700|||||||&#8221; title_text_align=&#8221;center&#8221; title_text_color=&#8221;#000000&#8243; title_font_size=&#8221;33px&#8221; global_colors_info=&#8221;{}&#8221;][\/et_pb_heading][et_pb_text _builder_version=&#8221;4.27.4&#8243; _module_preset=&#8221;default&#8221; text_font=&#8221;Montserrat||||||||&#8221; text_text_color=&#8221;#000000&#8243; text_font_size=&#8221;16px&#8221; text_orientation=&#8221;center&#8221; custom_margin=&#8221;-15px||||false|false&#8221; global_colors_info=&#8221;{}&#8221;]<\/p>\n<p><span>Tekintse meg az \u00fczlet\u00fcnkr\u0151l \u00e9s term\u00e9keinkr\u0151l k\u00e9sz\u00fclt fot\u00f3kat!<br \/>A gal\u00e9ri\u00e1nk felt\u00f6lt\u00e9s alatt van.<\/span><\/p>\n<p>[\/et_pb_text][\/et_pb_column][\/et_pb_row][et_pb_row module_class=&#8221;wpz-gallery-masonry&#8221; _builder_version=&#8221;4.27.4&#8243; _module_preset=&#8221;default&#8221; global_colors_info=&#8221;{}&#8221;][et_pb_column type=&#8221;4_4&#8243; _builder_version=&#8221;4.27.4&#8243; _module_preset=&#8221;default&#8221; global_colors_info=&#8221;{}&#8221;][et_pb_gallery gallery_ids=&#8221;598,564,594,591,571,609,610,611,617,618,619,620,614,613,615,616,606,612,597,593,592,621,601,599,600,603,602,608,607,604,605,596,595,527,528,526,525,524&#8243; posts_number=&#8221;50&#8243; show_title_and_caption=&#8221;off&#8221; show_pagination=&#8221;off&#8221; module_class=&#8221;wpz-gallery-masonry&#8221; _builder_version=&#8221;4.27.4&#8243; _module_preset=&#8221;default&#8221; hover_enabled=&#8221;0&#8243; custom_css_free_form=&#8221;\/* ||Masonry Gallery by WP Zone||https:\/\/wpzone.co\/wordpress-and-divi-code-snippets\/||*\/||.wpz-gallery-masonry .et_pb_gallery .et_pb_gallery_items {||    column-count: 3; \/* number of columns for desktop *\/||    column-gap: 5px;  \/* column spacing *\/||}||@media only screen and (max-width: 1200px) { ||.wpz-gallery-masonry .et_pb_gallery .et_pb_gallery_items { ||    column-count: 2;  \/* number of columns for tablet devices *\/||} ||} ||@media only screen and (max-width: 767px) {||  .wpz-gallery-masonry .et_pb_gallery .et_pb_gallery_items {||    column-count: 1;  \/* number of columns for mobile devices *\/||  }||}||.wpz-gallery-masonry .et_pb_gallery .et_pb_gallery_items .et_pb_gallery_item {||    width: 100%;||    margin: 0px 0px 10px 0!important; \/* replace 10px to change row spacing *\/||    float: none!important; ||}&#8221; global_colors_info=&#8221;{}&#8221; sticky_enabled=&#8221;0&#8243;][\/et_pb_gallery][\/et_pb_column][\/et_pb_row][et_pb_row _builder_version=&#8221;4.27.2&#8243; _module_preset=&#8221;default&#8221; global_colors_info=&#8221;{}&#8221;][et_pb_column type=&#8221;4_4&#8243; _builder_version=&#8221;4.27.2&#8243; _module_preset=&#8221;default&#8221; global_colors_info=&#8221;{}&#8221;][et_pb_image src=&#8221;https:\/\/jegenyehusker.hu\/wp-content\/uploads\/2024\/10\/Vector.png&#8221; title_text=&#8221;Vector&#8221; align=&#8221;center&#8221; _builder_version=&#8221;4.27.4&#8243; _module_preset=&#8221;default&#8221; custom_margin=&#8221;100px||||false|false&#8221; custom_margin_tablet=&#8221;100px||||false|false&#8221; custom_margin_phone=&#8221;50px||||false|false&#8221; custom_margin_last_edited=&#8221;on|phone&#8221; global_colors_info=&#8221;{}&#8221;][\/et_pb_image][\/et_pb_column][\/et_pb_row][\/et_pb_section]<\/p>\n","protected":false},"excerpt":{"rendered":"<p>Tekintse meg az \u00fczlet\u00fcnkr\u0151l \u00e9s term\u00e9keinkr\u0151l k\u00e9sz\u00fclt fot\u00f3kat!A gal\u00e9ri\u00e1nk felt\u00f6lt\u00e9s alatt van.<\/p>\n","protected":false},"author":1,"featured_media":0,"parent":0,"menu_order":0,"comment_status":"closed","ping_status":"closed","template":"","meta":{"_et_pb_use_builder":"on","_et_pb_old_content":"<!-- wp:divi\/placeholder \/-->","_et_gb_content_width":"","footnotes":""},"class_list":["post-89","page","type-page","status-publish","hentry"],"yoast_head":"<!-- This site is optimized with the Yoast SEO plugin v26.5 - https:\/\/yoast.com\/wordpress\/plugins\/seo\/ -->\n<title>Gal\u00e9ria - jegenyehusker.hu<\/title>\n<meta name=\"robots\" content=\"index, follow, max-snippet:-1, max-image-preview:large, max-video-preview:-1\" \/>\n<link rel=\"canonical\" href=\"https:\/\/jegenyehusker.hu\/?page_id=89\" \/>\n<meta property=\"og:locale\" content=\"hu_HU\" \/>\n<meta property=\"og:type\" content=\"article\" \/>\n<meta property=\"og:title\" content=\"Gal\u00e9ria - jegenyehusker.hu\" \/>\n<meta property=\"og:description\" content=\"Tekintse meg az \u00fczlet\u00fcnkr\u0151l \u00e9s term\u00e9keinkr\u0151l k\u00e9sz\u00fclt fot\u00f3kat!A gal\u00e9ri\u00e1nk felt\u00f6lt\u00e9s alatt van.\" \/>\n<meta property=\"og:url\" content=\"https:\/\/jegenyehusker.hu\/?page_id=89\" \/>\n<meta property=\"og:site_name\" content=\"jegenyehusker.hu\" \/>\n<meta property=\"article:modified_time\" content=\"2025-01-14T09:23:26+00:00\" \/>\n<meta name=\"twitter:card\" content=\"summary_large_image\" \/>\n<script type=\"application\/ld+json\" class=\"yoast-schema-graph\">{\"@context\":\"https:\/\/schema.org\",\"@graph\":[{\"@type\":\"WebPage\",\"@id\":\"https:\/\/jegenyehusker.hu\/?page_id=89\",\"url\":\"https:\/\/jegenyehusker.hu\/?page_id=89\",\"name\":\"Gal\u00e9ria - jegenyehusker.hu\",\"isPartOf\":{\"@id\":\"https:\/\/jegenyehusker.hu\/#website\"},\"datePublished\":\"2024-10-30T22:10:28+00:00\",\"dateModified\":\"2025-01-14T09:23:26+00:00\",\"breadcrumb\":{\"@id\":\"https:\/\/jegenyehusker.hu\/?page_id=89#breadcrumb\"},\"inLanguage\":\"hu\",\"potentialAction\":[{\"@type\":\"ReadAction\",\"target\":[\"https:\/\/jegenyehusker.hu\/?page_id=89\"]}]},{\"@type\":\"BreadcrumbList\",\"@id\":\"https:\/\/jegenyehusker.hu\/?page_id=89#breadcrumb\",\"itemListElement\":[{\"@type\":\"ListItem\",\"position\":1,\"name\":\"Kezd\u0151lap\",\"item\":\"https:\/\/jegenyehusker.hu\/\"},{\"@type\":\"ListItem\",\"position\":2,\"name\":\"Gal\u00e9ria\"}]},{\"@type\":\"WebSite\",\"@id\":\"https:\/\/jegenyehusker.hu\/#website\",\"url\":\"https:\/\/jegenyehusker.hu\/\",\"name\":\"jegenyehusker.hu\",\"description\":\"\",\"potentialAction\":[{\"@type\":\"SearchAction\",\"target\":{\"@type\":\"EntryPoint\",\"urlTemplate\":\"https:\/\/jegenyehusker.hu\/?s={search_term_string}\"},\"query-input\":{\"@type\":\"PropertyValueSpecification\",\"valueRequired\":true,\"valueName\":\"search_term_string\"}}],\"inLanguage\":\"hu\"}]}<\/script>\n<!-- \/ Yoast SEO plugin. -->","yoast_head_json":{"title":"Gal\u00e9ria - jegenyehusker.hu","robots":{"index":"index","follow":"follow","max-snippet":"max-snippet:-1","max-image-preview":"max-image-preview:large","max-video-preview":"max-video-preview:-1"},"canonical":"https:\/\/jegenyehusker.hu\/?page_id=89","og_locale":"hu_HU","og_type":"article","og_title":"Gal\u00e9ria - jegenyehusker.hu","og_description":"Tekintse meg az \u00fczlet\u00fcnkr\u0151l \u00e9s term\u00e9keinkr\u0151l k\u00e9sz\u00fclt fot\u00f3kat!A gal\u00e9ri\u00e1nk felt\u00f6lt\u00e9s alatt van.","og_url":"https:\/\/jegenyehusker.hu\/?page_id=89","og_site_name":"jegenyehusker.hu","article_modified_time":"2025-01-14T09:23:26+00:00","twitter_card":"summary_large_image","schema":{"@context":"https:\/\/schema.org","@graph":[{"@type":"WebPage","@id":"https:\/\/jegenyehusker.hu\/?page_id=89","url":"https:\/\/jegenyehusker.hu\/?page_id=89","name":"Gal\u00e9ria - jegenyehusker.hu","isPartOf":{"@id":"https:\/\/jegenyehusker.hu\/#website"},"datePublished":"2024-10-30T22:10:28+00:00","dateModified":"2025-01-14T09:23:26+00:00","breadcrumb":{"@id":"https:\/\/jegenyehusker.hu\/?page_id=89#breadcrumb"},"inLanguage":"hu","potentialAction":[{"@type":"ReadAction","target":["https:\/\/jegenyehusker.hu\/?page_id=89"]}]},{"@type":"BreadcrumbList","@id":"https:\/\/jegenyehusker.hu\/?page_id=89#breadcrumb","itemListElement":[{"@type":"ListItem","position":1,"name":"Kezd\u0151lap","item":"https:\/\/jegenyehusker.hu\/"},{"@type":"ListItem","position":2,"name":"Gal\u00e9ria"}]},{"@type":"WebSite","@id":"https:\/\/jegenyehusker.hu\/#website","url":"https:\/\/jegenyehusker.hu\/","name":"jegenyehusker.hu","description":"","potentialAction":[{"@type":"SearchAction","target":{"@type":"EntryPoint","urlTemplate":"https:\/\/jegenyehusker.hu\/?s={search_term_string}"},"query-input":{"@type":"PropertyValueSpecification","valueRequired":true,"valueName":"search_term_string"}}],"inLanguage":"hu"}]}},"_links":{"self":[{"href":"https:\/\/jegenyehusker.hu\/index.php?rest_route=\/wp\/v2\/pages\/89","targetHints":{"allow":["GET"]}}],"collection":[{"href":"https:\/\/jegenyehusker.hu\/index.php?rest_route=\/wp\/v2\/pages"}],"about":[{"href":"https:\/\/jegenyehusker.hu\/index.php?rest_route=\/wp\/v2\/types\/page"}],"author":[{"embeddable":true,"href":"https:\/\/jegenyehusker.hu\/index.php?rest_route=\/wp\/v2\/users\/1"}],"replies":[{"embeddable":true,"href":"https:\/\/jegenyehusker.hu\/index.php?rest_route=%2Fwp%2Fv2%2Fcomments&post=89"}],"version-history":[{"count":26,"href":"https:\/\/jegenyehusker.hu\/index.php?rest_route=\/wp\/v2\/pages\/89\/revisions"}],"predecessor-version":[{"id":660,"href":"https:\/\/jegenyehusker.hu\/index.php?rest_route=\/wp\/v2\/pages\/89\/revisions\/660"}],"wp:attachment":[{"href":"https:\/\/jegenyehusker.hu\/index.php?rest_route=%2Fwp%2Fv2%2Fmedia&parent=89"}],"curies":[{"name":"wp","href":"https:\/\/api.w.org\/{rel}","templated":true}]}}